{"id":114,"date":"2022-05-03T13:14:38","date_gmt":"2022-05-03T13:14:38","guid":{"rendered":"https:\/\/oestelusitano.pt\/?page_id=114"},"modified":"2025-03-07T18:27:23","modified_gmt":"2025-03-07T18:27:23","slug":"manual-do-expositor","status":"publish","type":"page","link":"https:\/\/oestelusitano.pt\/?page_id=114","title":{"rendered":"MANUAL DO EXPOSITOR"},"content":{"rendered":"\t\t<div data-elementor-type=\"wp-page\" data-elementor-id=\"114\" class=\"elementor elementor-114\" data-elementor-settings=\"{&quot;ha_cmc_init_switcher&quot;:&quot;no&quot;}\">\n\t\t\t\t\t\t<section class=\"elementor-section elementor-top-section elementor-element elementor-element-2706c49d elementor-hidden-desktop elementor-hidden-tablet elementor-hidden-mobile elementor-section-boxed elementor-section-height-default elementor-section-height-default\" data-id=\"2706c49d\" data-element_type=\"section\" data-settings=\"{&quot;_ha_eqh_enable&quot;:false}\">\n\t\t\t\t\t\t<div class=\"elementor-container elementor-column-gap-default\">\n\t\t\t\t\t<div class=\"elementor-column elementor-col-100 elementor-top-column elementor-element elementor-element-24c9fd2f\" data-id=\"24c9fd2f\" data-element_type=\"column\">\n\t\t\t<div class=\"elementor-widget-wrap elementor-element-populated\">\n\t\t\t\t\t\t<div class=\"elementor-element elementor-element-43ebddb4 elementor-widget elementor-widget-text-editor\" data-id=\"43ebddb4\" data-element_type=\"widget\" data-widget_type=\"text-editor.default\">\n\t\t\t\t<div class=\"elementor-widget-container\">\n\t\t\t\t\t\t\t\t\t\n<p>01) ORGANIZA\u00c7\u00c3O<\/p>\n\n\n\n<p>A organiza\u00e7\u00e3o do evento pertence \u00e0 Associa\u00e7\u00e3o de Criadores do Puro Sangue Lusitano do Oeste com a parceria da C\u00e2mara Municipal das Caldas da Rainha, competindo-lhe definir os requisitos de admiss\u00e3o e representa\u00e7\u00e3o aplic\u00e1veis aos expositores.<\/p>\n\n\n\n<p>02) OBJETIVO A ACPSLO<\/p>\n\n\n\n<p>tem como objetivo a promo\u00e7\u00e3o e divulga\u00e7\u00e3o do Cavalo Lusitano. Tornar o Cavalo agente potenciador do desenvolvimento econ\u00f3mico Regional.<\/p>\n\n\n\n<p>03) \u00c2MBITO<\/p>\n\n\n\n<p>Ensino; Modelos em Andamentos; Equita\u00e7\u00e3o do trabalho; Obst\u00e1culos; Dan\u00e7a; M\u00fasica; Canto; Artes Circenses; Teatro; Pintura; Express\u00e3o Corporal e Art\u00edstica; Sa\u00fade; Desporto; Cer\u00e2mica; Artesanato; Gastronomia.<\/p>\n\n\n\n<p>04) DEVERES ESPECIAIS DOS PARTICIPANTES<\/p>\n\n\n\n<p>a) Cumprir e contribuir para o cumprimento das condi\u00e7\u00f5es do regulamento do Oeste Lusitano; b) Respeitar e dar prioridade a expositores e criadores que transportem em ve\u00edculos ou \u00e0 m\u00e3o animais; c) Preservar os espa\u00e7os de participa\u00e7\u00e3o mantendo-os limpos, arrumados; d) Todas as pessoas devem de estar devidamente identificadas; e) Utilizar os stands ou espa\u00e7os diferenciados exclusivamente para os fins que foram mencionados na ficha de inscri\u00e7\u00e3o; f) N\u00e3o danificar os stands disponibilizados pela entidade organizadora; g) Respeitar a vegeta\u00e7\u00e3o que existe no local.<\/p>\n\n\n\n<p>05) DATAS E HOR\u00c1RIOS DO X OESTE LUSITANO<\/p>\n\n\n\n<p>Datas: 19, 20 e 21 de Maio de 2023 Hor\u00e1rio do Evento: Dia 19 das 14:00 horas \u00e0s 24:00 horas Dia 20 das 10:00 horas \u00e0s 24:00 horas Dia 21 das 10:00 horas \u00e0s 20:00 horas<\/p>\n\n\n\n<p>06) CONDI\u00c7\u00d5ES DE PAGAMENTOS<\/p>\n\n\n\n<p>Os pagamentos devem de ser efetuados para o IBAN indicado pela ACPSLO at\u00e9 ao dia 10 de Maio e os comprovativos enviados para o seguinte email: <a href=\"mailto:acpsl.oeste@gmail.com\">acpsl.oeste@gmail.com<\/a>.<\/p>\n\n\n\n<p>07) HOR\u00c1RIOS DE MONTAGEM E DESMONTAGEM<\/p>\n\n\n\n<p>In\u00edcio das montagens: Stands &#8211; Dias 18 e 19 de Maio a partir das 09:00 horas. No dia 19 os stands devem estar prontos \u00e0s 14:00 horas e as viaturas devem sair do recinto do evento at\u00e9 \u00e0s 10:00 horas. Desmontagem: Dia 21 a partir das 20:00 horas e dia 22 at\u00e9 \u00e0s 12h.<\/p>\n\n\n\n<p>08) CONDI\u00c7\u00d5ES DE FUNCIONAMENTO DOS STANDS<\/p>\n\n\n\n<p>Os stands dever\u00e3o estar em condi\u00e7\u00f5es de funcionamento at\u00e9 ao encerramento do Oeste Lusitano, 20:00 horas do dia 21 de Maio. O aprovisionamento dos espa\u00e7os deve ser realizado nos dias 20 e 21 e das 07:30 \u00e0s 09:30 horas. Cada expositor ter\u00e1 direito a dois (2) cart\u00f5es de entrada para o ve\u00edculo, que ser\u00e1 devidamente identificado e deve ficar no ve\u00edculo bem vis\u00edvel. Os ve\u00edculos n\u00e3o devem ficar no recinto da feira. Os expositores dever\u00e3o cuidar dos seus bens durante o per\u00edodo de montagem e desmontagem, pois a organiza\u00e7\u00e3o n\u00e3o se responsabiliza por eventuais furtos que possam existir nesse per\u00edodo.<\/p>\n\n\n\n<p>09) SEGURAN\u00c7A<\/p>\n\n\n\n<p>Os Expositores est\u00e3o alertados para assegurar totalmente todo o tipo de material da sua propriedade. A seguran\u00e7a individual de cada stand \u00e9 da responsabilidade do Expositor. Na sequ\u00eancia da obrigatoriedade de cumprimento do Dec. Lei 156\/2015 de 15 de Setembro de 2015, alterada pelo Dec. Lei 74\/2017 de 21 de Junho de 2017 institui a obrigatoriedade da exist\u00eancia e disponibilidade do livro de reclama\u00e7\u00f5es em todos os estabelecimentos de fornecimento de bens ou presta\u00e7\u00e3o de se servi\u00e7os.<\/p>\n\n\n\n<p>10) EXCLUSIVIDADE FORNECEDOR DE BEBIDAS a) A ACPSLO<\/p>\n\n\n\n<p>pode conceder a uma \u00fanica empresa o direito de comercializar todas as bebidas do evento. b) A exist\u00eancia ou n\u00e3o de uma exclusividade para a venda de bebidas, depender\u00e1 do resultado da an\u00e1lise das propostas pelos respons\u00e1veis c) A exclusividade otimiza a coordena\u00e7\u00e3o e a planifica\u00e7\u00e3o dos fluxos do transporte para garantir as entregas dentro do espa\u00e7o do evento, bem como a qualidade do servi\u00e7o prestado e a efici\u00eancia ambiental.<\/p>\n\n\n\n<p>11) COPOS REUTILIZ\u00c1VEIS<\/p>\n\n\n\n<p>a) Dando cumprimento \u00e0 legisla\u00e7\u00e3o em vigor, n\u00e3o \u00e9 permitida a disponibiliza\u00e7\u00e3o de lou\u00e7a de pl\u00e1stico de utiliza\u00e7\u00e3o \u00fanica nas atividades do setor de restaura\u00e7\u00e3o e\/ou bebidas e no com\u00e9rcio a retalho b) Todas as atividades do setor de restaura\u00e7\u00e3o e\/ou bebidas e no com\u00e9rcio a retalho, ficam obrigadas \u00e0 pol\u00edtica de copos reutiliz\u00e1veis em vigor no evento.<\/p>\n\n\n\n<p><\/p>\n\t\t\t\t\t\t\t\t<\/div>\n\t\t\t\t<\/div>\n\t\t\t\t\t<\/div>\n\t\t<\/div>\n\t\t\t\t\t<\/div>\n\t\t<\/section>\n\t\t\t\t<section class=\"elementor-section elementor-top-section elementor-element elementor-element-c1b3b00 elementor-section-full_width elementor-section-height-default elementor-section-height-default\" data-id=\"c1b3b00\" data-element_type=\"section\" data-settings=\"{&quot;_ha_eqh_enable&quot;:false}\">\n\t\t\t\t\t\t<div class=\"elementor-container elementor-column-gap-default\">\n\t\t\t\t\t<div class=\"elementor-column elementor-col-100 elementor-top-column elementor-element elementor-element-4070447\" data-id=\"4070447\" data-element_type=\"column\">\n\t\t\t<div class=\"elementor-widget-wrap elementor-element-populated\">\n\t\t\t\t\t\t<div class=\"elementor-element elementor-element-2dd8fb9 elementor-widget elementor-widget-image\" data-id=\"2dd8fb9\" data-element_type=\"widget\" data-widget_type=\"image.default\">\n\t\t\t\t<div class=\"elementor-widget-container\">\n\t\t\t\t\t\t\t\t\t\t\t\t\t\t\t<img fetchpriority=\"high\" decoding=\"async\" width=\"1290\" height=\"2048\" src=\"https:\/\/oestelusitano.pt\/wp-content\/uploads\/2025\/03\/Regulamento-do-Expositor_25-1-1290x2048.jpg\" class=\"attachment-2048x2048 size-2048x2048 wp-image-1210\" alt=\"\" srcset=\"https:\/\/oestelusitano.pt\/wp-content\/uploads\/2025\/03\/Regulamento-do-Expositor_25-1-1290x2048.jpg 1290w, https:\/\/oestelusitano.pt\/wp-content\/uploads\/2025\/03\/Regulamento-do-Expositor_25-1-189x300.jpg 189w, https:\/\/oestelusitano.pt\/wp-content\/uploads\/2025\/03\/Regulamento-do-Expositor_25-1-645x1024.jpg 645w, https:\/\/oestelusitano.pt\/wp-content\/uploads\/2025\/03\/Regulamento-do-Expositor_25-1-768x1220.jpg 768w, https:\/\/oestelusitano.pt\/wp-content\/uploads\/2025\/03\/Regulamento-do-Expositor_25-1-967x1536.jpg 967w, https:\/\/oestelusitano.pt\/wp-content\/uploads\/2025\/03\/Regulamento-do-Expositor_25-1-scaled.jpg 1612w\" sizes=\"(max-width: 1290px) 100vw, 1290px\" \/>\t\t\t\t\t\t\t\t\t\t\t\t\t\t\t<\/div>\n\t\t\t\t<\/div>\n\t\t\t\t\t<\/div>\n\t\t<\/div>\n\t\t\t\t\t<\/div>\n\t\t<\/section>\n\t\t\t\t<section class=\"elementor-section elementor-top-section elementor-element elementor-element-c62b7da elementor-section-full_width elementor-section-height-default elementor-section-height-default\" data-id=\"c62b7da\" data-element_type=\"section\" data-settings=\"{&quot;_ha_eqh_enable&quot;:false}\">\n\t\t\t\t\t\t<div class=\"elementor-container elementor-column-gap-default\">\n\t\t\t\t\t<div class=\"elementor-column elementor-col-100 elementor-top-column elementor-element elementor-element-6c092b6\" data-id=\"6c092b6\" data-element_type=\"column\">\n\t\t\t<div class=\"elementor-widget-wrap elementor-element-populated\">\n\t\t\t\t\t\t<div class=\"elementor-element elementor-element-5feda9e elementor-widget elementor-widget-image\" data-id=\"5feda9e\" data-element_type=\"widget\" data-widget_type=\"image.default\">\n\t\t\t\t<div class=\"elementor-widget-container\">\n\t\t\t\t\t\t\t\t\t\t\t\t\t\t\t<img decoding=\"async\" width=\"1636\" height=\"2560\" src=\"https:\/\/oestelusitano.pt\/wp-content\/uploads\/2025\/03\/Regulamento-do-Expositor_25-2-scaled.jpg\" class=\"attachment-full size-full wp-image-1211\" alt=\"\" srcset=\"https:\/\/oestelusitano.pt\/wp-content\/uploads\/2025\/03\/Regulamento-do-Expositor_25-2-scaled.jpg 1636w, https:\/\/oestelusitano.pt\/wp-content\/uploads\/2025\/03\/Regulamento-do-Expositor_25-2-192x300.jpg 192w, https:\/\/oestelusitano.pt\/wp-content\/uploads\/2025\/03\/Regulamento-do-Expositor_25-2-655x1024.jpg 655w, https:\/\/oestelusitano.pt\/wp-content\/uploads\/2025\/03\/Regulamento-do-Expositor_25-2-768x1201.jpg 768w, https:\/\/oestelusitano.pt\/wp-content\/uploads\/2025\/03\/Regulamento-do-Expositor_25-2-982x1536.jpg 982w, https:\/\/oestelusitano.pt\/wp-content\/uploads\/2025\/03\/Regulamento-do-Expositor_25-2-1309x2048.jpg 1309w\" sizes=\"(max-width: 1636px) 100vw, 1636px\" \/>\t\t\t\t\t\t\t\t\t\t\t\t\t\t\t<\/div>\n\t\t\t\t<\/div>\n\t\t\t\t\t<\/div>\n\t\t<\/div>\n\t\t\t\t\t<\/div>\n\t\t<\/section>\n\t\t\t\t<\/div>\n\t\t","protected":false},"excerpt":{"rendered":"<p>01) ORGANIZA\u00c7\u00c3O A organiza\u00e7\u00e3o do evento pertence \u00e0 Associa\u00e7\u00e3o de Criadores do Puro Sangue Lusitano do Oeste com a parceria da C\u00e2mara Municipal das Caldas da Rainha, competindo-lhe definir os requisitos de admiss\u00e3o e representa\u00e7\u00e3o aplic\u00e1veis aos expositores. 02) OBJETIVO A ACPSLO tem como objetivo a promo\u00e7\u00e3o e divulga\u00e7\u00e3o do Cavalo Lusitano. Tornar o Cavalo [&hellip;]<\/p>\n","protected":false},"author":1,"featured_media":0,"parent":0,"menu_order":0,"comment_status":"closed","ping_status":"closed","template":"","meta":{"site-sidebar-layout":"default","site-content-layout":"","ast-site-content-layout":"default","site-content-style":"default","site-sidebar-style":"default","ast-global-header-display":"","ast-banner-title-visibility":"","ast-main-header-display":"","ast-hfb-above-header-display":"","ast-hfb-below-header-display":"","ast-hfb-mobile-header-display":"","site-post-title":"","ast-breadcrumbs-content":"","ast-featured-img":"","footer-sml-layout":"","ast-disable-related-posts":"","theme-transparent-header-meta":"","adv-header-id-meta":"","stick-header-meta":"","header-above-stick-meta":"","header-main-stick-meta":"","header-below-stick-meta":"","astra-migrate-meta-layouts":"default","ast-page-background-enabled":"default","ast-page-background-meta":{"desktop":{"background-color":"","background-image":"","background-repeat":"repeat","background-position":"center center","background-size":"auto","background-attachment":"scroll","background-type":"","background-media":"","overlay-type":"","overlay-color":"","overlay-opacity":"","overlay-gradient":""},"tablet":{"background-color":"","background-image":"","background-repeat":"repeat","background-position":"center center","background-size":"auto","background-attachment":"scroll","background-type":"","background-media":"","overlay-type":"","overlay-color":"","overlay-opacity":"","overlay-gradient":""},"mobile":{"background-color":"","background-image":"","background-repeat":"repeat","background-position":"center center","background-size":"auto","background-attachment":"scroll","background-type":"","background-media":"","overlay-type":"","overlay-color":"","overlay-opacity":"","overlay-gradient":""}},"ast-content-background-meta":{"desktop":{"background-color":"var(--ast-global-color-5)","background-image":"","background-repeat":"repeat","background-position":"center center","background-size":"auto","background-attachment":"scroll","background-type":"","background-media":"","overlay-type":"","overlay-color":"","overlay-opacity":"","overlay-gradient":""},"tablet":{"background-color":"var(--ast-global-color-5)","background-image":"","background-repeat":"repeat","background-position":"center center","background-size":"auto","background-attachment":"scroll","background-type":"","background-media":"","overlay-type":"","overlay-color":"","overlay-opacity":"","overlay-gradient":""},"mobile":{"background-color":"var(--ast-global-color-5)","background-image":"","background-repeat":"repeat","background-position":"center center","background-size":"auto","background-attachment":"scroll","background-type":"","background-media":"","overlay-type":"","overlay-color":"","overlay-opacity":"","overlay-gradient":""}},"footnotes":""},"class_list":["post-114","page","type-page","status-publish","hentry"],"_links":{"self":[{"href":"https:\/\/oestelusitano.pt\/index.php?rest_route=\/wp\/v2\/pages\/114","targetHints":{"allow":["GET"]}}],"collection":[{"href":"https:\/\/oestelusitano.pt\/index.php?rest_route=\/wp\/v2\/pages"}],"about":[{"href":"https:\/\/oestelusitano.pt\/index.php?rest_route=\/wp\/v2\/types\/page"}],"author":[{"embeddable":true,"href":"https:\/\/oestelusitano.pt\/index.php?rest_route=\/wp\/v2\/users\/1"}],"replies":[{"embeddable":true,"href":"https:\/\/oestelusitano.pt\/index.php?rest_route=%2Fwp%2Fv2%2Fcomments&post=114"}],"version-history":[{"count":10,"href":"https:\/\/oestelusitano.pt\/index.php?rest_route=\/wp\/v2\/pages\/114\/revisions"}],"predecessor-version":[{"id":1218,"href":"https:\/\/oestelusitano.pt\/index.php?rest_route=\/wp\/v2\/pages\/114\/revisions\/1218"}],"wp:attachment":[{"href":"https:\/\/oestelusitano.pt\/index.php?rest_route=%2Fwp%2Fv2%2Fmedia&parent=114"}],"curies":[{"name":"wp","href":"https:\/\/api.w.org\/{rel}","templated":true}]}}